{"id":3074,"date":"2024-06-08T15:06:00","date_gmt":"2024-06-08T21:06:00","guid":{"rendered":"https:\/\/gruponitidos.com\/about-us\/staff\/"},"modified":"2025-07-10T11:39:20","modified_gmt":"2025-07-10T17:39:20","slug":"staff","status":"publish","type":"page","link":"https:\/\/gruponitidos.com\/en\/about-us\/staff\/","title":{"rendered":"Our Staff"},"content":{"rendered":"\t\t<div data-elementor-type=\"wp-page\" data-elementor-id=\"3074\" class=\"elementor elementor-3074 elementor-1522\" data-elementor-post-type=\"page\">\n\t\t\t\t\r\n<div class=\"elementor-element elementor-element-b1723ca e-flex e-con-boxed e-con e-parent\" data-id=\"b1723ca\" data-element_type=\"container\" data-settings=\"{&quot;background_background&quot;:&quot;classic&quot;}\">\n\t\t\t\t\t<div class=\"e-con-inner\">\n\t\t\t\t<div class=\"elementor-element elementor-element-2a2f56e elementor-widget elementor-widget-heading\" data-id=\"2a2f56e\" data-element_type=\"widget\" data-widget_type=\"heading.default\">\n\t\t\t\t<div class=\"elementor-widget-container\">\n\t\t\t\t\t<h1 class=\"elementor-heading-title elementor-size-default\">Our Staff<\/h1>\t\t\t\t<\/div>\n\t\t\t\t<\/div>\n\t\t\t\t\t<\/div>\n\t\t\t\t<\/div>\n\t\t<div class=\"elementor-element elementor-element-15858b9 e-con-full e-flex e-con e-parent\" data-id=\"15858b9\" data-element_type=\"container\">\n\t\t<div class=\"elementor-element elementor-element-8472a60 e-flex e-con-boxed e-con e-child\" data-id=\"8472a60\" data-element_type=\"container\">\n\t\t\t\t\t<div class=\"e-con-inner\">\n\t\t\t\t<div class=\"elementor-element elementor-element-1d5c708 elementor-widget elementor-widget-marinosectiontitle\" data-id=\"1d5c708\" data-element_type=\"widget\" data-widget_type=\"marinosectiontitle.default\">\n\t\t\t\t<div class=\"elementor-widget-container\">\n\t\t\t\t\t<!-- Section Title --><div class=\"title-area\" ><h2 class=\"sec-subtitle subtitle-selector\">Grupo N\u00edtidos<\/h2><h3 class=\"sec-title title-selector h1\">Our Team<\/h3><div class=\"sec-line\"><\/div><\/div><!-- End Section Title -->\t\t\t\t<\/div>\n\t\t\t\t<\/div>\n\t\t\t\t<div class=\"elementor-element elementor-element-c1ae5a7 elementor-widget elementor-widget-text-editor\" data-id=\"c1ae5a7\" data-element_type=\"widget\" data-widget_type=\"text-editor.default\">\n\t\t\t\t<div class=\"elementor-widget-container\">\n\t\t\t\t\t\t\t\t\t<p>We are GRUPO NITIDOS, a company with a solid structure in order to satisfy the needs of our clients, at the level of the requirements that arise, we have a management and leadership line that makes us today the best provider of recruitment services. and outsourcing, evaluated by our clients as excellent.<\/p>\n\t\t\t\t\t\t\t\t<\/div>\n\t\t\t\t<\/div>\n\t\t\t\t\t<\/div>\n\t\t\t\t<\/div>\n\t\t<div class=\"elementor-element elementor-element-b89f6a4 e-con-full e-flex e-con e-child\" data-id=\"b89f6a4\" data-element_type=\"container\">\n\t\t\t\t<div class=\"elementor-element elementor-element-27742b0 elementor-widget elementor-widget-marinoteammember\" data-id=\"27742b0\" data-element_type=\"widget\" data-widget_type=\"marinoteammember.default\">\n\t\t\t\t<div class=\"elementor-widget-container\">\n\t\t\t\t\t<section class=\"vs-team-wrapper arrow-wrap\"><div class=\"container\"><div class=\"row slick-arrow2\"><div class=\"team-column col-xl-4 col-md-6\"><div class=\"team-style1\"><div class=\"team-img\"><a href=\"#\" ><img decoding=\"async\" src=\"https:\/\/gruponitidos.com\/wp-content\/uploads\/2025\/07\/Melissa-Valerin.jpg\" alt=\"Melissa Valerin\"  \/><\/a><\/div><div class=\"social-media2\"><a  target=\"_blank\" href=\"https:\/\/www.linkedin.com\/in\/melissa-valerin-selva\/\"><i class=\"fab fa-linkedin\"><\/i><\/a><\/div><div class=\"team-content\"><h3 class=\"team-name h4\"><a href=\"#\" >Melissa Valer\u00edn<\/a><\/h3><span class=\"team-degi\">General Manager<\/span><\/div><\/div><\/div><div class=\"team-column col-xl-4 col-md-6\"><div class=\"team-style1\"><div class=\"team-img\"><a href=\"#\" ><img decoding=\"async\" src=\"https:\/\/gruponitidos.com\/wp-content\/uploads\/2025\/07\/Patricia-Jara.jpg\" alt=\"Patricia Jara\"  \/><\/a><\/div><div class=\"social-media2\"><a  target=\"_blank\" href=\"https:\/\/www.linkedin.com\/company\/grupo-nitidos\/\"><i class=\"fab fa-linkedin\"><\/i><\/a><\/div><div class=\"team-content\"><h3 class=\"team-name h4\"><a href=\"#\" >Patricia Jara<\/a><\/h3><span class=\"team-degi\">Human Resources<\/span><\/div><\/div><\/div><div class=\"team-column col-xl-4 col-md-6\"><div class=\"team-style1\"><div class=\"team-img\"><a href=\"#\" ><img decoding=\"async\" src=\"https:\/\/gruponitidos.com\/wp-content\/uploads\/2025\/07\/Alberto-Molina.jpg\" alt=\"Alberto Molina\"  \/><\/a><\/div><div class=\"social-media2\"><a  target=\"_blank\" href=\"https:\/\/www.linkedin.com\/company\/grupo-nitidos\/\"><i class=\"fab fa-linkedin\"><\/i><\/a><\/div><div class=\"team-content\"><h3 class=\"team-name h4\"><a href=\"#\" >Alberto Molina<\/a><\/h3><span class=\"team-degi\">Sales Manager<\/span><\/div><\/div><\/div><div class=\"team-column col-xl-4 col-md-6\"><div class=\"team-style1\"><div class=\"team-img\"><a href=\"#\" ><img decoding=\"async\" src=\"https:\/\/gruponitidos.com\/wp-content\/uploads\/2025\/06\/Anthony-Jimenez-01.jpg\" alt=\"Anthony Jimenez\"  \/><\/a><\/div><div class=\"social-media2\"><a  target=\"_blank\" href=\"https:\/\/www.linkedin.com\/company\/grupo-nitidos\/\"><i class=\"fab fa-linkedin\"><\/i><\/a><\/div><div class=\"team-content\"><h3 class=\"team-name h4\"><a href=\"#\" >Anthony Mendez<\/a><\/h3><span class=\"team-degi\">Operations Manager<\/span><\/div><\/div><\/div><div class=\"team-column col-xl-4 col-md-6\"><div class=\"team-style1\"><div class=\"team-img\"><a href=\"#\" ><img decoding=\"async\" src=\"https:\/\/gruponitidos.com\/wp-content\/uploads\/2025\/06\/Jefferson-Aragon-03.jpg\" alt=\"Jefferson Aragon\"  \/><\/a><\/div><div class=\"social-media2\"><a  target=\"_blank\" href=\"https:\/\/www.linkedin.com\/in\/jefferson-aragon-romero-493417a0\/\"><i class=\"fab fa-linkedin\"><\/i><\/a><\/div><div class=\"team-content\"><h3 class=\"team-name h4\"><a href=\"#\" >Jefferson Aragon<\/a><\/h3><span class=\"team-degi\">Financial Administrative Manager<\/span><\/div><\/div><\/div><div class=\"team-column col-xl-4 col-md-6\"><div class=\"team-style1\"><div class=\"team-img\"><a href=\"#\" ><img decoding=\"async\" src=\"https:\/\/gruponitidos.com\/wp-content\/uploads\/2025\/06\/Carlos-Zamora-02.jpg\" alt=\"Carlos Zamora\"  \/><\/a><\/div><div class=\"social-media2\"><a  target=\"_blank\" href=\"https:\/\/www.linkedin.com\/company\/grupo-nitidos\/\"><i class=\"fab fa-linkedin\"><\/i><\/a><\/div><div class=\"team-content\"><h3 class=\"team-name h4\"><a href=\"#\" >Carlos Zamora<\/a><\/h3><span class=\"team-degi\">General Accountant<\/span><\/div><\/div><\/div><\/div><\/div><\/section>\t\t\t\t<\/div>\n\t\t\t\t<\/div>\n\t\t\t\t<\/div>\n\t\t\t\t<\/div>\n\t\t\t\t<\/div>\n\t\t","protected":false},"excerpt":{"rendered":"<p>Our Staff Grupo N\u00edtidos Our Team We are GRUPO NITIDOS, a company with a solid structure in order to satisfy the needs of our clients, at the level of the requirements that arise, we have a management and leadership line that makes us today the best provider of recruitment services. and outsourcing, evaluated by our&#8230;<\/p>\n","protected":false},"author":1,"featured_media":3346,"parent":3070,"menu_order":0,"comment_status":"closed","ping_status":"closed","template":"template-builder.php","meta":{"_joinchat":[],"footnotes":""},"class_list":["post-3074","page","type-page","status-publish","has-post-thumbnail","hentry"],"yoast_head":"<!-- This site is optimized with the Yoast SEO plugin v26.4 - https:\/\/yoast.com\/wordpress\/plugins\/seo\/ -->\n<title>Our Staff - Grupo N\u00edtidos<\/title>\n<meta name=\"description\" content=\"Grupo N\u00edtidos is an organization made up of two companies, Servicios N\u00edtidos Profesionales and Servipro, in Costa Rica\" \/>\n<meta name=\"robots\" content=\"index, follow, max-snippet:-1, max-image-preview:large, max-video-preview:-1\" \/>\n<link rel=\"canonical\" href=\"https:\/\/gruponitidos.com\/en\/about-us\/staff\/\" \/>\n<meta property=\"og:locale\" content=\"en_US\" \/>\n<meta property=\"og:type\" content=\"article\" \/>\n<meta property=\"og:title\" content=\"Our Staff - Grupo N\u00edtidos\" \/>\n<meta property=\"og:description\" content=\"Grupo N\u00edtidos is an organization made up of two companies, Servicios N\u00edtidos Profesionales and Servipro, in Costa Rica\" \/>\n<meta property=\"og:url\" content=\"https:\/\/gruponitidos.com\/en\/about-us\/staff\/\" \/>\n<meta property=\"og:site_name\" content=\"Grupo N\u00edtidos\" \/>\n<meta property=\"article:publisher\" content=\"https:\/\/www.facebook.com\/gruponitidoscr\/\" \/>\n<meta property=\"article:modified_time\" content=\"2025-07-10T17:39:20+00:00\" \/>\n<meta property=\"og:image\" content=\"https:\/\/gruponitidos.com\/wp-content\/uploads\/2024\/08\/Imagen-para-SEO_Mesa-de-trabajo-1-1.png\" \/>\n\t<meta property=\"og:image:width\" content=\"1200\" \/>\n\t<meta property=\"og:image:height\" content=\"628\" \/>\n\t<meta property=\"og:image:type\" content=\"image\/png\" \/>\n<script type=\"application\/ld+json\" class=\"yoast-schema-graph\">{\"@context\":\"https:\/\/schema.org\",\"@graph\":[{\"@type\":\"WebPage\",\"@id\":\"https:\/\/gruponitidos.com\/en\/about-us\/staff\/\",\"url\":\"https:\/\/gruponitidos.com\/en\/about-us\/staff\/\",\"name\":\"Our Staff - Grupo N\u00edtidos\",\"isPartOf\":{\"@id\":\"https:\/\/gruponitidos.com\/en\/#website\"},\"primaryImageOfPage\":{\"@id\":\"https:\/\/gruponitidos.com\/en\/about-us\/staff\/#primaryimage\"},\"image\":{\"@id\":\"https:\/\/gruponitidos.com\/en\/about-us\/staff\/#primaryimage\"},\"thumbnailUrl\":\"https:\/\/gruponitidos.com\/wp-content\/uploads\/2024\/08\/Imagen-para-SEO_Mesa-de-trabajo-1-1.png\",\"datePublished\":\"2024-06-08T21:06:00+00:00\",\"dateModified\":\"2025-07-10T17:39:20+00:00\",\"description\":\"Grupo N\u00edtidos is an organization made up of two companies, Servicios N\u00edtidos Profesionales and Servipro, in Costa Rica\",\"breadcrumb\":{\"@id\":\"https:\/\/gruponitidos.com\/en\/about-us\/staff\/#breadcrumb\"},\"inLanguage\":\"en-US\",\"potentialAction\":[{\"@type\":\"ReadAction\",\"target\":[\"https:\/\/gruponitidos.com\/en\/about-us\/staff\/\"]}]},{\"@type\":\"ImageObject\",\"inLanguage\":\"en-US\",\"@id\":\"https:\/\/gruponitidos.com\/en\/about-us\/staff\/#primaryimage\",\"url\":\"https:\/\/gruponitidos.com\/wp-content\/uploads\/2024\/08\/Imagen-para-SEO_Mesa-de-trabajo-1-1.png\",\"contentUrl\":\"https:\/\/gruponitidos.com\/wp-content\/uploads\/2024\/08\/Imagen-para-SEO_Mesa-de-trabajo-1-1.png\",\"width\":1200,\"height\":628},{\"@type\":\"BreadcrumbList\",\"@id\":\"https:\/\/gruponitidos.com\/en\/about-us\/staff\/#breadcrumb\",\"itemListElement\":[{\"@type\":\"ListItem\",\"position\":1,\"name\":\"Home\",\"item\":\"https:\/\/gruponitidos.com\/en\/\"},{\"@type\":\"ListItem\",\"position\":2,\"name\":\"About us\",\"item\":\"https:\/\/gruponitidos.com\/en\/grupo-nitidos\/\"},{\"@type\":\"ListItem\",\"position\":3,\"name\":\"Our Staff\"}]},{\"@type\":\"WebSite\",\"@id\":\"https:\/\/gruponitidos.com\/en\/#website\",\"url\":\"https:\/\/gruponitidos.com\/en\/\",\"name\":\"Empresa de Limpieza en Costa Rica - Grupo N\u00edtidos\",\"description\":\"Somos una empresa especializada en servicios de limpieza y mantenimiento profesional\",\"publisher\":{\"@id\":\"https:\/\/gruponitidos.com\/en\/#organization\"},\"alternateName\":\"Servicios de limpieza y mantenimiento para empresas en Costa Rica\",\"potentialAction\":[{\"@type\":\"SearchAction\",\"target\":{\"@type\":\"EntryPoint\",\"urlTemplate\":\"https:\/\/gruponitidos.com\/en\/?s={search_term_string}\"},\"query-input\":{\"@type\":\"PropertyValueSpecification\",\"valueRequired\":true,\"valueName\":\"search_term_string\"}}],\"inLanguage\":\"en-US\"},{\"@type\":\"Organization\",\"@id\":\"https:\/\/gruponitidos.com\/en\/#organization\",\"name\":\"Grupo N\u00edtidos\",\"alternateName\":\"Grupo N\u00edtidos\",\"url\":\"https:\/\/gruponitidos.com\/en\/\",\"logo\":{\"@type\":\"ImageObject\",\"inLanguage\":\"en-US\",\"@id\":\"https:\/\/gruponitidos.com\/en\/#\/schema\/logo\/image\/\",\"url\":\"https:\/\/gruponitidos.com\/wp-content\/uploads\/2024\/06\/logo-nitido-azul.png\",\"contentUrl\":\"https:\/\/gruponitidos.com\/wp-content\/uploads\/2024\/06\/logo-nitido-azul.png\",\"width\":250,\"height\":117,\"caption\":\"Grupo N\u00edtidos\"},\"image\":{\"@id\":\"https:\/\/gruponitidos.com\/en\/#\/schema\/logo\/image\/\"},\"sameAs\":[\"https:\/\/www.facebook.com\/gruponitidoscr\/\",\"https:\/\/cr.linkedin.com\/company\/grupo-nitidos\"]}]}<\/script>\n<!-- \/ Yoast SEO plugin. -->","yoast_head_json":{"title":"Our Staff - Grupo N\u00edtidos","description":"Grupo N\u00edtidos is an organization made up of two companies, Servicios N\u00edtidos Profesionales and Servipro, in Costa Rica","robots":{"index":"index","follow":"follow","max-snippet":"max-snippet:-1","max-image-preview":"max-image-preview:large","max-video-preview":"max-video-preview:-1"},"canonical":"https:\/\/gruponitidos.com\/en\/about-us\/staff\/","og_locale":"en_US","og_type":"article","og_title":"Our Staff - Grupo N\u00edtidos","og_description":"Grupo N\u00edtidos is an organization made up of two companies, Servicios N\u00edtidos Profesionales and Servipro, in Costa Rica","og_url":"https:\/\/gruponitidos.com\/en\/about-us\/staff\/","og_site_name":"Grupo N\u00edtidos","article_publisher":"https:\/\/www.facebook.com\/gruponitidoscr\/","article_modified_time":"2025-07-10T17:39:20+00:00","og_image":[{"width":1200,"height":628,"url":"https:\/\/gruponitidos.com\/wp-content\/uploads\/2024\/08\/Imagen-para-SEO_Mesa-de-trabajo-1-1.png","type":"image\/png"}],"schema":{"@context":"https:\/\/schema.org","@graph":[{"@type":"WebPage","@id":"https:\/\/gruponitidos.com\/en\/about-us\/staff\/","url":"https:\/\/gruponitidos.com\/en\/about-us\/staff\/","name":"Our Staff - Grupo N\u00edtidos","isPartOf":{"@id":"https:\/\/gruponitidos.com\/en\/#website"},"primaryImageOfPage":{"@id":"https:\/\/gruponitidos.com\/en\/about-us\/staff\/#primaryimage"},"image":{"@id":"https:\/\/gruponitidos.com\/en\/about-us\/staff\/#primaryimage"},"thumbnailUrl":"https:\/\/gruponitidos.com\/wp-content\/uploads\/2024\/08\/Imagen-para-SEO_Mesa-de-trabajo-1-1.png","datePublished":"2024-06-08T21:06:00+00:00","dateModified":"2025-07-10T17:39:20+00:00","description":"Grupo N\u00edtidos is an organization made up of two companies, Servicios N\u00edtidos Profesionales and Servipro, in Costa Rica","breadcrumb":{"@id":"https:\/\/gruponitidos.com\/en\/about-us\/staff\/#breadcrumb"},"inLanguage":"en-US","potentialAction":[{"@type":"ReadAction","target":["https:\/\/gruponitidos.com\/en\/about-us\/staff\/"]}]},{"@type":"ImageObject","inLanguage":"en-US","@id":"https:\/\/gruponitidos.com\/en\/about-us\/staff\/#primaryimage","url":"https:\/\/gruponitidos.com\/wp-content\/uploads\/2024\/08\/Imagen-para-SEO_Mesa-de-trabajo-1-1.png","contentUrl":"https:\/\/gruponitidos.com\/wp-content\/uploads\/2024\/08\/Imagen-para-SEO_Mesa-de-trabajo-1-1.png","width":1200,"height":628},{"@type":"BreadcrumbList","@id":"https:\/\/gruponitidos.com\/en\/about-us\/staff\/#breadcrumb","itemListElement":[{"@type":"ListItem","position":1,"name":"Home","item":"https:\/\/gruponitidos.com\/en\/"},{"@type":"ListItem","position":2,"name":"About us","item":"https:\/\/gruponitidos.com\/en\/grupo-nitidos\/"},{"@type":"ListItem","position":3,"name":"Our Staff"}]},{"@type":"WebSite","@id":"https:\/\/gruponitidos.com\/en\/#website","url":"https:\/\/gruponitidos.com\/en\/","name":"Empresa de Limpieza en Costa Rica - Grupo N\u00edtidos","description":"Somos una empresa especializada en servicios de limpieza y mantenimiento profesional","publisher":{"@id":"https:\/\/gruponitidos.com\/en\/#organization"},"alternateName":"Servicios de limpieza y mantenimiento para empresas en Costa Rica","potentialAction":[{"@type":"SearchAction","target":{"@type":"EntryPoint","urlTemplate":"https:\/\/gruponitidos.com\/en\/?s={search_term_string}"},"query-input":{"@type":"PropertyValueSpecification","valueRequired":true,"valueName":"search_term_string"}}],"inLanguage":"en-US"},{"@type":"Organization","@id":"https:\/\/gruponitidos.com\/en\/#organization","name":"Grupo N\u00edtidos","alternateName":"Grupo N\u00edtidos","url":"https:\/\/gruponitidos.com\/en\/","logo":{"@type":"ImageObject","inLanguage":"en-US","@id":"https:\/\/gruponitidos.com\/en\/#\/schema\/logo\/image\/","url":"https:\/\/gruponitidos.com\/wp-content\/uploads\/2024\/06\/logo-nitido-azul.png","contentUrl":"https:\/\/gruponitidos.com\/wp-content\/uploads\/2024\/06\/logo-nitido-azul.png","width":250,"height":117,"caption":"Grupo N\u00edtidos"},"image":{"@id":"https:\/\/gruponitidos.com\/en\/#\/schema\/logo\/image\/"},"sameAs":["https:\/\/www.facebook.com\/gruponitidoscr\/","https:\/\/cr.linkedin.com\/company\/grupo-nitidos"]}]}},"_links":{"self":[{"href":"https:\/\/gruponitidos.com\/en\/wp-json\/wp\/v2\/pages\/3074","targetHints":{"allow":["GET"]}}],"collection":[{"href":"https:\/\/gruponitidos.com\/en\/wp-json\/wp\/v2\/pages"}],"about":[{"href":"https:\/\/gruponitidos.com\/en\/wp-json\/wp\/v2\/types\/page"}],"author":[{"embeddable":true,"href":"https:\/\/gruponitidos.com\/en\/wp-json\/wp\/v2\/users\/1"}],"replies":[{"embeddable":true,"href":"https:\/\/gruponitidos.com\/en\/wp-json\/wp\/v2\/comments?post=3074"}],"version-history":[{"count":3,"href":"https:\/\/gruponitidos.com\/en\/wp-json\/wp\/v2\/pages\/3074\/revisions"}],"predecessor-version":[{"id":4568,"href":"https:\/\/gruponitidos.com\/en\/wp-json\/wp\/v2\/pages\/3074\/revisions\/4568"}],"up":[{"embeddable":true,"href":"https:\/\/gruponitidos.com\/en\/wp-json\/wp\/v2\/pages\/3070"}],"wp:featuredmedia":[{"embeddable":true,"href":"https:\/\/gruponitidos.com\/en\/wp-json\/wp\/v2\/media\/3346"}],"wp:attachment":[{"href":"https:\/\/gruponitidos.com\/en\/wp-json\/wp\/v2\/media?parent=3074"}],"curies":[{"name":"wp","href":"https:\/\/api.w.org\/{rel}","templated":true}]}}